{"id":927,"date":"2023-04-26T08:24:27","date_gmt":"2023-04-26T06:24:27","guid":{"rendered":"https:\/\/aztrix.kinsta.cloud\/ons-verhaal\/"},"modified":"2023-05-11T15:41:25","modified_gmt":"2023-05-11T13:41:25","slug":"notre-histoire","status":"publish","type":"page","link":"https:\/\/aztrix.me\/fr\/notre-histoire\/","title":{"rendered":"Notre histoire"},"content":{"rendered":"<section class=\"l-section wpb_row height_auto\"><div class=\"l-section-h i-cf\"><div class=\"g-cols vc_row via_flex valign_top type_default stacking_default\"><div class=\"vc_col-sm-12 wpb_column vc_column_container\"><div class=\"vc_column-inner\"><div class=\"wpb_wrapper\"><\/div><\/div><\/div><\/div><\/div><\/section><section class=\"l-section wpb_row hero-row-features-overview height_auto\"><div class=\"l-section-h i-cf\"><div class=\"g-cols vc_row via_flex valign_middle type_default stacking_default\"><div class=\"vc_col-sm-6 wpb_column vc_column_container zidex99_column has_bg_color\"><div class=\"vc_column-inner us_custom_7aec8515\"><div class=\"wpb_wrapper\"><div class=\"wpb_text_column hero-title\"><div class=\"wpb_wrapper\"><h1>Pourquoi nous faisons ce que nous faisons<\/h1>\n<\/div><\/div><div class=\"w-separator size_small\"><\/div><div class=\"wpb_text_column\"><div class=\"wpb_wrapper\"><p><strong>(et pourquoi nous nous en soucions)<br \/>\n<\/strong><\/p>\n<\/div><\/div><div class=\"w-separator size_small\"><\/div><div class=\"wpb_text_column\"><div class=\"wpb_wrapper\"><p>Saviez-vous que nos smartphones sont plus puissants que les fus\u00e9es de la NASA qui nous ont emmen\u00e9s sur la lune ? Oui, c&rsquo;est vrai. Nous sommes \u00e0 quelques clics de tout ce que l&rsquo;humanit\u00e9 conna\u00eet. C&rsquo;est une pure richesse. Mais cette richesse cr\u00e9e aussi du bruit. Plus nous partageons, plus nos vies num\u00e9riques deviennent d\u00e9sordonn\u00e9es. Car la mani\u00e8re dont nous partageons en ligne est loin d&rsquo;\u00eatre aussi \u00e9volu\u00e9e que la technologie que nous utilisons pour le faire.<\/p>\n<p>Cela pourrait \u00eatre diff\u00e9rent, pense notre fondateur Karel Ribbens. Tout devient beaucoup plus facile si nous pouvons choisir nous-m\u00eames ce que nous partageons et comment nous le faisons. Lorsque nous pourrons g\u00e9rer nos propres donn\u00e9es comme nous g\u00e9rons notre compte en banque. Facile, s\u00fbr, \u00e0 partir de notre poche et surtout : comme on en a d\u00e9cid\u00e9.<\/p>\n<p>C&rsquo;est ainsi qu&rsquo;est n\u00e9 Aztrix*. Parce que tout comme un * dans un texte indique que l&rsquo;on peut trouver plus d&rsquo;informations quelque part, Aztrix* indique qu&rsquo;il y a plus \u00e0 dire sur vous ou votre entreprise. En un seul lien, qui plus est. La richesse sans le bruit.<\/p>\n<\/div><\/div><div class=\"w-separator size_small\"><\/div><\/div><\/div><\/div><div class=\"vc_col-sm-1 vc_hidden-xs wpb_column vc_column_container has_bg_color\"><div class=\"vc_column-inner us_custom_7aec8515\"><div class=\"wpb_wrapper\"><\/div><\/div><\/div><div class=\"vc_col-sm-5 wpb_column vc_column_container has_bg_color\"><div class=\"vc_column-inner us_custom_9ccc05f2\"><div class=\"wpb_wrapper\"><div class=\"w-image align_none\"><div class=\"w-image-h\"><img loading=\"lazy\" decoding=\"async\" width=\"1071\" height=\"1071\" src=\"https:\/\/aztrix.me\/wp-content\/uploads\/2023\/05\/aztrix.png\" class=\"attachment-full size-full\" alt=\"\" srcset=\"https:\/\/aztrix.me\/wp-content\/uploads\/2023\/05\/aztrix.png 1071w, https:\/\/aztrix.me\/wp-content\/uploads\/2023\/05\/aztrix-300x300.png 300w, https:\/\/aztrix.me\/wp-content\/uploads\/2023\/05\/aztrix-1024x1024.png 1024w, https:\/\/aztrix.me\/wp-content\/uploads\/2023\/05\/aztrix-150x150.png 150w, https:\/\/aztrix.me\/wp-content\/uploads\/2023\/05\/aztrix-655x655.png 655w\" sizes=\"auto, (max-width: 1071px) 100vw, 1071px\" \/><\/div><\/div><\/div><\/div><\/div><\/div><\/div><\/section><section class=\"l-section wpb_row CTA-block height_medium\"><div class=\"l-section-overlay\" style=\"background:var(--color-content-secondary)\"><\/div><div class=\"l-section-h i-cf\"><div class=\"g-cols vc_row via_flex valign_top type_default stacking_default\"><div class=\"vc_col-sm-3 wpb_column vc_column_container\"><div class=\"vc_column-inner\"><div class=\"wpb_wrapper\"><\/div><\/div><\/div><div class=\"vc_col-sm-6 wpb_column vc_column_container zindex99\"><div class=\"vc_column-inner\"><div class=\"wpb_wrapper\"><div class=\"wpb_text_column\"><div class=\"wpb_wrapper\"><h3 style=\"text-align: center;\">Cr\u00e9ez votre lien. Cr\u00e9ez votre monde.<\/h3>\n<\/div><\/div><div class=\"w-separator size_small\"><\/div><div class=\"wpb_text_column\"><div class=\"wpb_wrapper\"><p style=\"text-align: center;\"><span style=\"color: #305729;\"><br \/>\nAvec Aztrix*, vous partagez ce que vous voulez, comme vous le voulez. Un seul lien pour des possibilit\u00e9s infinies.<\/span><\/p>\n<\/div><\/div><div class=\"w-separator size_small\"><\/div><div class=\"w-hwrapper align_center valign_top\" style=\"--hwrapper-gap:25px\"><div class=\"w-btn-wrapper align_none\"><a class=\"w-btn us-btn-style_1 icon_atright\" href=\"https:\/\/list.aztrix.me\/?mode=register&amp;lang=fr\"><span class=\"w-btn-label\">Cr\u00e9ez votre lien<\/span><i class=\"fas fa-arrow-right\"><\/i><\/a><\/div><div class=\"w-btn-wrapper align_none\"><a class=\"w-btn us-btn-style_2 icon_atright\" title=\"Pricing\" href=\"https:\/\/aztrix.me\/fr\/prix\/\"><span class=\"w-btn-label\">Combien \u00e7a co\u00fbte<\/span><i class=\"fas fa-arrow-right\"><\/i><\/a><\/div><\/div><\/div><\/div><\/div><div class=\"vc_col-sm-3 wpb_column vc_column_container\"><div class=\"vc_column-inner\"><div class=\"wpb_wrapper\"><\/div><\/div><\/div><\/div><\/div><\/section>\n\n","protected":false},"excerpt":{"rendered":"Pourquoi nous faisons ce que nous faisons (et pourquoi nous nous en soucions) Saviez-vous que nos smartphones sont plus puissants que les fus\u00e9es de la NASA qui nous ont emmen\u00e9s sur la lune ? Oui, c&rsquo;est vrai. Nous sommes \u00e0 quelques clics de tout ce que l&rsquo;humanit\u00e9 conna\u00eet. C&rsquo;est une pure richesse. Mais cette richesse...","protected":false},"author":1,"featured_media":0,"parent":0,"menu_order":0,"comment_status":"closed","ping_status":"closed","template":"","meta":{"footnotes":""},"class_list":["post-927","page","type-page","status-publish","hentry"],"acf":[],"yoast_head":"<!-- This site is optimized with the Yoast SEO plugin v25.6 - https:\/\/yoast.com\/wordpress\/plugins\/seo\/ -->\n<title>Notre histoire - Aztrix<\/title>\n<meta name=\"robots\" content=\"index, follow, max-snippet:-1, max-image-preview:large, max-video-preview:-1\" \/>\n<link rel=\"canonical\" href=\"https:\/\/aztrix.me\/fr\/notre-histoire\/\" \/>\n<meta property=\"og:locale\" content=\"fr_FR\" \/>\n<meta property=\"og:type\" content=\"article\" \/>\n<meta property=\"og:title\" content=\"Notre histoire - Aztrix\" \/>\n<meta property=\"og:url\" content=\"https:\/\/aztrix.me\/fr\/notre-histoire\/\" \/>\n<meta property=\"og:site_name\" content=\"Aztrix\" \/>\n<meta property=\"article:modified_time\" content=\"2023-05-11T13:41:25+00:00\" \/>\n<meta name=\"twitter:card\" content=\"summary_large_image\" \/>\n<meta name=\"twitter:label1\" content=\"Dur\u00e9e de lecture estim\u00e9e\" \/>\n\t<meta name=\"twitter:data1\" content=\"2 minutes\" \/>\n<script type=\"application\/ld+json\" class=\"yoast-schema-graph\">{\"@context\":\"https:\/\/schema.org\",\"@graph\":[{\"@type\":\"WebPage\",\"@id\":\"https:\/\/aztrix.me\/fr\/notre-histoire\/\",\"url\":\"https:\/\/aztrix.me\/fr\/notre-histoire\/\",\"name\":\"Notre histoire - Aztrix\",\"isPartOf\":{\"@id\":\"https:\/\/aztrix.me\/#website\"},\"datePublished\":\"2023-04-26T06:24:27+00:00\",\"dateModified\":\"2023-05-11T13:41:25+00:00\",\"inLanguage\":\"fr-FR\",\"potentialAction\":[{\"@type\":\"ReadAction\",\"target\":[\"https:\/\/aztrix.me\/fr\/notre-histoire\/\"]}]},{\"@type\":\"WebSite\",\"@id\":\"https:\/\/aztrix.me\/#website\",\"url\":\"https:\/\/aztrix.me\/\",\"name\":\"Aztrix\",\"description\":\"\",\"publisher\":{\"@id\":\"https:\/\/aztrix.me\/#organization\"},\"potentialAction\":[{\"@type\":\"SearchAction\",\"target\":{\"@type\":\"EntryPoint\",\"urlTemplate\":\"https:\/\/aztrix.me\/?s={search_term_string}\"},\"query-input\":{\"@type\":\"PropertyValueSpecification\",\"valueRequired\":true,\"valueName\":\"search_term_string\"}}],\"inLanguage\":\"fr-FR\"},{\"@type\":\"Organization\",\"@id\":\"https:\/\/aztrix.me\/#organization\",\"name\":\"Aztrix\",\"url\":\"https:\/\/aztrix.me\/\",\"logo\":{\"@type\":\"ImageObject\",\"inLanguage\":\"fr-FR\",\"@id\":\"https:\/\/aztrix.me\/#\/schema\/logo\/image\/\",\"url\":\"https:\/\/aztrix.me\/wp-content\/uploads\/2023\/03\/Aztrix_logo.png\",\"contentUrl\":\"https:\/\/aztrix.me\/wp-content\/uploads\/2023\/03\/Aztrix_logo.png\",\"width\":260,\"height\":121,\"caption\":\"Aztrix\"},\"image\":{\"@id\":\"https:\/\/aztrix.me\/#\/schema\/logo\/image\/\"}}]}<\/script>\n<!-- \/ Yoast SEO plugin. -->","yoast_head_json":{"title":"Notre histoire - Aztrix","robots":{"index":"index","follow":"follow","max-snippet":"max-snippet:-1","max-image-preview":"max-image-preview:large","max-video-preview":"max-video-preview:-1"},"canonical":"https:\/\/aztrix.me\/fr\/notre-histoire\/","og_locale":"fr_FR","og_type":"article","og_title":"Notre histoire - Aztrix","og_url":"https:\/\/aztrix.me\/fr\/notre-histoire\/","og_site_name":"Aztrix","article_modified_time":"2023-05-11T13:41:25+00:00","twitter_card":"summary_large_image","twitter_misc":{"Dur\u00e9e de lecture estim\u00e9e":"2 minutes"},"schema":{"@context":"https:\/\/schema.org","@graph":[{"@type":"WebPage","@id":"https:\/\/aztrix.me\/fr\/notre-histoire\/","url":"https:\/\/aztrix.me\/fr\/notre-histoire\/","name":"Notre histoire - Aztrix","isPartOf":{"@id":"https:\/\/aztrix.me\/#website"},"datePublished":"2023-04-26T06:24:27+00:00","dateModified":"2023-05-11T13:41:25+00:00","inLanguage":"fr-FR","potentialAction":[{"@type":"ReadAction","target":["https:\/\/aztrix.me\/fr\/notre-histoire\/"]}]},{"@type":"WebSite","@id":"https:\/\/aztrix.me\/#website","url":"https:\/\/aztrix.me\/","name":"Aztrix","description":"","publisher":{"@id":"https:\/\/aztrix.me\/#organization"},"potentialAction":[{"@type":"SearchAction","target":{"@type":"EntryPoint","urlTemplate":"https:\/\/aztrix.me\/?s={search_term_string}"},"query-input":{"@type":"PropertyValueSpecification","valueRequired":true,"valueName":"search_term_string"}}],"inLanguage":"fr-FR"},{"@type":"Organization","@id":"https:\/\/aztrix.me\/#organization","name":"Aztrix","url":"https:\/\/aztrix.me\/","logo":{"@type":"ImageObject","inLanguage":"fr-FR","@id":"https:\/\/aztrix.me\/#\/schema\/logo\/image\/","url":"https:\/\/aztrix.me\/wp-content\/uploads\/2023\/03\/Aztrix_logo.png","contentUrl":"https:\/\/aztrix.me\/wp-content\/uploads\/2023\/03\/Aztrix_logo.png","width":260,"height":121,"caption":"Aztrix"},"image":{"@id":"https:\/\/aztrix.me\/#\/schema\/logo\/image\/"}}]}},"_links":{"self":[{"href":"https:\/\/aztrix.me\/fr\/wp-json\/wp\/v2\/pages\/927","targetHints":{"allow":["GET"]}}],"collection":[{"href":"https:\/\/aztrix.me\/fr\/wp-json\/wp\/v2\/pages"}],"about":[{"href":"https:\/\/aztrix.me\/fr\/wp-json\/wp\/v2\/types\/page"}],"author":[{"embeddable":true,"href":"https:\/\/aztrix.me\/fr\/wp-json\/wp\/v2\/users\/1"}],"replies":[{"embeddable":true,"href":"https:\/\/aztrix.me\/fr\/wp-json\/wp\/v2\/comments?post=927"}],"version-history":[{"count":3,"href":"https:\/\/aztrix.me\/fr\/wp-json\/wp\/v2\/pages\/927\/revisions"}],"predecessor-version":[{"id":1034,"href":"https:\/\/aztrix.me\/fr\/wp-json\/wp\/v2\/pages\/927\/revisions\/1034"}],"wp:attachment":[{"href":"https:\/\/aztrix.me\/fr\/wp-json\/wp\/v2\/media?parent=927"}],"curies":[{"name":"wp","href":"https:\/\/api.w.org\/{rel}","templated":true}]}}