{"id":832,"date":"2023-03-29T15:05:36","date_gmt":"2023-03-29T13:05:36","guid":{"rendered":"https:\/\/aztrix.kinsta.cloud\/?page_id=832"},"modified":"2023-05-23T14:58:40","modified_gmt":"2023-05-23T12:58:40","slug":"faq","status":"publish","type":"page","link":"https:\/\/aztrix.me\/fr\/faq\/","title":{"rendered":"FAQ"},"content":{"rendered":"<section class=\"l-section wpb_row faq-section-block height_large\"><div class=\"l-section-h i-cf\"><div class=\"g-cols vc_row via_flex valign_top type_default stacking_default\"><div class=\"vc_col-sm-12 wpb_column vc_column_container faq-section\"><div class=\"vc_column-inner\"><div class=\"wpb_wrapper\"><div class=\"wpb_text_column us_custom_a833bf3c\"><div class=\"wpb_wrapper\"><h2>\u00c0 peine pos\u00e9e et<br \/>\nd\u00e9j\u00e0 solutionn\u00e9e.<\/h2>\n<\/div><\/div><div class=\"g-cols wpb_row via_flex valign_top type_default stacking_default\"><div class=\"vc_col-sm-5 wpb_column vc_column_container\"><div class=\"vc_column-inner\"><div class=\"wpb_wrapper\"><div class=\"wpb_text_column\"><div class=\"wpb_wrapper\"><p><span style=\"font-weight: 400;\">Ce qui fait battre le c\u0153ur d\u2019Aztrix*, c\u2019est la simplification. Notre but ultime \u00e9tant de vous rendre les choses plus faciles. Nous avons donc une r\u00e9ponse \u00e0 chacune de vos questions.<\/span><\/p>\n<p><span style=\"font-weight: 400;\">\u00a0<\/span><\/p>\n<\/div><\/div><\/div><\/div><\/div><div class=\"vc_col-sm-7 wpb_column vc_column_container\"><div class=\"vc_column-inner\"><div class=\"wpb_wrapper\"><\/div><\/div><\/div><\/div><div class=\"w-separator size_medium\"><\/div><div class=\"w-tabs faq-questions style_default switch_click accordion\" style=\"--sections-title-size:inherit\"><div class=\"w-tabs-sections titles-align_none icon_chevron cpos_right\"><div class=\"w-tabs-section\" id=\"cf1c\"><button class=\"w-tabs-section-header\" aria-controls=\"content-cf1c\" aria-expanded=\"false\"><div class=\"w-tabs-section-title\">Comment fonctionne Aztrix*\u2009?<\/div><div class=\"w-tabs-section-control\"><\/div><\/button><div  class=\"w-tabs-section-content\" id=\"content-cf1c\"><div class=\"w-tabs-section-content-h i-cf\"><div class=\"wpb_text_column\"><div class=\"wpb_wrapper\"><p><span style=\"font-weight: 400;\">Aztrix* rassemble toutes les informations que vous souhaitez partager sous un seul lien. Lorsque vous cr\u00e9ez votre Aztrix*, vous choisissez ce qu\u2019il contient. Consid\u00e9rez-le comme votre carte de visite en ligne, ou comme une petite pi\u00e8ce sur le web o\u00f9 vous pouvez recevoir vos invit\u00e9s.<\/span><\/p>\n<\/div><\/div><\/div><\/div><\/div><div class=\"w-tabs-section\" id=\"wf7c\"><button class=\"w-tabs-section-header\" aria-controls=\"content-wf7c\" aria-expanded=\"false\"><div class=\"w-tabs-section-title\">Pourquoi choisir Aztrix*\u2009?<\/div><div class=\"w-tabs-section-control\"><\/div><\/button><div  class=\"w-tabs-section-content\" id=\"content-wf7c\"><div class=\"w-tabs-section-content-h i-cf\"><div class=\"wpb_text_column\"><div class=\"wpb_wrapper\"><p><span style=\"font-weight: 400;\">Internet est infini et c\u2019est en partie ce qui fait sa force. Mais cela signifie aussi que notre pr\u00e9sence en ligne est souvent dispers\u00e9e aux quatre coins du web. Aztrix* rassemble ces diff\u00e9rents fragments sous un seul lien afin d\u2019offrir un tableau complet, qu\u2019il s\u2019agisse de vous ou de votre marque. Un tableau que vous pouvez \u00e9galement peindre comme vous l\u2019entendez. Car quoi de plus agr\u00e9able que de contr\u00f4ler soi-m\u00eame ses donn\u00e9es\u2009?<\/span><span style=\"font-weight: 400;\"><br \/>\n<\/span><\/p>\n<\/div><\/div><\/div><\/div><\/div><div class=\"w-tabs-section\" id=\"ufd1\"><button class=\"w-tabs-section-header\" aria-controls=\"content-ufd1\" aria-expanded=\"false\"><div class=\"w-tabs-section-title\">Que puis-je partager\u2009?<\/div><div class=\"w-tabs-section-control\"><\/div><\/button><div  class=\"w-tabs-section-content\" id=\"content-ufd1\"><div class=\"w-tabs-section-content-h i-cf\"><div class=\"wpb_text_column\"><div class=\"wpb_wrapper\"><p><span style=\"font-weight: 400;\">Liens, donn\u00e9es de contact, profils, documents \u2014 tout ce que vous avez l\u2019habitude de partager publiquement peut trouver sa place sur votre profil Aztrix*. Et c\u2019est justement l\u00e0 que r\u00e9side une condition importante. (\u2026)<\/span><\/p>\n<\/div><\/div><\/div><\/div><\/div><div class=\"w-tabs-section\" id=\"i036\"><button class=\"w-tabs-section-header\" aria-controls=\"content-i036\" aria-expanded=\"false\"><div class=\"w-tabs-section-title\">Qu\u2019en est-il des directives du RGPD\u2009?<\/div><div class=\"w-tabs-section-control\"><\/div><\/button><div  class=\"w-tabs-section-content\" id=\"content-i036\"><div class=\"w-tabs-section-content-h i-cf\"><div class=\"wpb_text_column\"><div class=\"wpb_wrapper\"><p><span style=\"font-weight: 400;\">Lorsque vous partagez ou collectez des donn\u00e9es par l\u2019interm\u00e9diaire d\u2019Aztrix*, nous veillons \u00e0 ce qu\u2019elles soient automatiquement conformes au RGPD. Pour plus d\u2019informations sur notre politique de confidentialit\u00e9, <span style=\"text-decoration: underline;\"><a href=\"https:\/\/aztrix.me\/fr\/politique-de-confidentialite\/\">cliquez ici<\/a><\/span>.<\/span><\/p>\n<\/div><\/div><\/div><\/div><\/div><div class=\"w-tabs-section\" id=\"q090\"><button class=\"w-tabs-section-header\" aria-controls=\"content-q090\" aria-expanded=\"false\"><div class=\"w-tabs-section-title\">Vous recherchez la plateforme aztrix.me pour g\u00e9rer les donn\u00e9es de contact et la confidentialit\u00e9 ?<\/div><div class=\"w-tabs-section-control\"><\/div><\/button><div  class=\"w-tabs-section-content\" id=\"content-q090\"><div class=\"w-tabs-section-content-h i-cf\"><div class=\"wpb_text_column\"><div class=\"wpb_wrapper\"><p>Vous pouvez toujours vous connecter \u00e0 la plateforme Aztrix ici :<span style=\"font-weight: 400;\"><a title=\"http:\/\/platform.aztrix.me\/\" href=\"http:\/\/platform.aztrix.me\/\">platform.aztrix.me<\/a>\u00a0<\/span> Nous modifions les fonctionnalit\u00e9s d&rsquo;Aztrix pour prendre en charge une vari\u00e9t\u00e9 de produits et nous avons donc d\u00e9plac\u00e9 notre gestion des donn\u00e9es et de la vie priv\u00e9e vers <a href=\"http:\/\/platform.aztrix.me\/\">platform.aztrix.me<\/a>\u00a0.<\/p>\n<\/div><\/div><\/div><\/div><\/div><div class=\"w-tabs-section\" id=\"p0e4\"><button class=\"w-tabs-section-header\" aria-controls=\"content-p0e4\" aria-expanded=\"false\"><div class=\"w-tabs-section-title\">Puis-je modifier mon URL Aztrix*\u2009?<\/div><div class=\"w-tabs-section-control\"><\/div><\/button><div  class=\"w-tabs-section-content\" id=\"content-p0e4\"><div class=\"w-tabs-section-content-h i-cf\"><div class=\"wpb_text_column\"><div class=\"wpb_wrapper\"><p><span style=\"font-weight: 400;\">Pas pour le moment. Mais ne croyez pas que c\u2019est pour vous compliquer la t\u00e2che : nous sommes simplement tr\u00e8s fiers de notre communaut\u00e9 Aztrix*. Notre outil est polyvalent et peut \u00eatre utilis\u00e9 par tout un chacun. Faites-le donc savoir au monde entier.<\/span><\/p>\n<\/div><\/div><\/div><\/div><\/div><div class=\"w-tabs-section\" id=\"v13e\"><button class=\"w-tabs-section-header\" aria-controls=\"content-v13e\" aria-expanded=\"false\"><div class=\"w-tabs-section-title\">Puis-je disposer de plusieurs profils Aztrix*\u2009?<\/div><div class=\"w-tabs-section-control\"><\/div><\/button><div  class=\"w-tabs-section-content\" id=\"content-v13e\"><div class=\"w-tabs-section-content-h i-cf\"><div class=\"wpb_text_column\"><div class=\"wpb_wrapper\"><p><span style=\"font-weight: 400;\">Aztrix* a \u00e9t\u00e9 con\u00e7u pour saisir toutes les facettes de votre personnalit\u00e9 ou de l\u2019identit\u00e9 de votre marque. Mais si, pour une raison ou une autre, cela ne vous suffit pas, il est tout \u00e0 fait possible de cr\u00e9er plus d\u2019un profil Aztrix*. Apr\u00e8s tout, vous savez mieux que quiconque comment vous voulez vous pr\u00e9senter au monde, et de combien de fa\u00e7ons diff\u00e9rentes.<\/span><\/p>\n<\/div><\/div><\/div><\/div><\/div><\/div><\/div><div class=\"w-separator size_medium\"><\/div><\/div><\/div><\/div><\/div><\/div><\/section><section class=\"l-section wpb_row CTA-FAQ height_small\"><div class=\"l-section-overlay\" style=\"background:var(--color-content-primary)\"><\/div><div class=\"l-section-h i-cf\"><div class=\"g-cols vc_row via_flex valign_top type_default stacking_default\"><div class=\"vc_col-sm-12 wpb_column vc_column_container\"><div class=\"vc_column-inner\"><div class=\"wpb_wrapper\"><div class=\"wpb_text_column us_custom_a833bf3c\"><div class=\"wpb_wrapper\"><h2>La r\u00e9ponse \u00e0 votre question n&rsquo;est pas compl\u00e8te ?<\/h2>\n<\/div><\/div><div class=\"wpb_text_column\"><div class=\"wpb_wrapper\"><h6>Ok, c&rsquo;est peut-\u00eatre un peu exag\u00e9r\u00e9. Vous avez encore une question ?<br \/>\nContactez notre support.<\/h6>\n<\/div><\/div><div class=\"w-separator size_small\"><\/div><div class=\"w-btn-wrapper align_none\"><a class=\"w-btn us-btn-style_10 icon_atright\" title=\"Contact\" href=\"https:\/\/aztrix.me\/fr\/contact\/\"><span class=\"w-btn-label\">Contact<\/span><i class=\"fas fa-arrow-right\"><\/i><\/a><\/div><\/div><\/div><\/div><\/div><\/div><\/section><section class=\"l-section wpb_row height_large\"><div class=\"l-section-overlay\" style=\"background:#F8F8F8\"><\/div><div class=\"l-section-h i-cf\"><div class=\"g-cols vc_row via_flex valign_top type_default stacking_default\"><div class=\"vc_col-sm-12 wpb_column vc_column_container\"><div class=\"vc_column-inner\"><div class=\"wpb_wrapper\"><div class=\"wpb_text_column us_custom_a833bf3c\"><div class=\"wpb_wrapper\"><h2>Vous utilisez internet\u2009?<br \/>\nAlors il vous faut Aztrix*.<\/h2>\n<\/div><\/div><div class=\"w-separator size_medium\"><\/div><div class=\"g-cols wpb_row for-who-content-left via_flex valign_top type_default reversed stacking_default\"><div class=\"vc_col-sm-6 wpb_column vc_column_container for-who-block-image\"><div class=\"vc_column-inner\"><div class=\"wpb_wrapper\"><div class=\"w-image rounded-image has_ratio align_none\"><a title=\"For who\" href=\"https:\/\/aztrix.me\/for-who\/\" aria-label=\"Lien\" class=\"w-image-h\"><div style=\"padding-bottom:54.386%\"><\/div><img loading=\"lazy\" decoding=\"async\" width=\"1254\" height=\"836\" src=\"https:\/\/aztrix.me\/wp-content\/uploads\/2023\/10\/iStock-1192023375-jpg-webp.webp\" class=\"attachment-full size-full\" alt=\"\" \/><\/a><\/div><\/div><\/div><\/div><div class=\"vc_col-sm-6 wpb_column vc_column_container text-for-who-content-left\"><div class=\"vc_column-inner\"><div class=\"wpb_wrapper\"><div class=\"wpb_text_column\"><div class=\"wpb_wrapper\"><h4>Aztrix* est l\u00e0 pour les marques\u2026<\/h4>\n<\/div><\/div><div class=\"w-separator size_small\"><\/div><div class=\"wpb_text_column\"><div class=\"wpb_wrapper\"><p>Partagez votre travail avec vos followers, vos clients ou vos potentiels partenaires et montrez-leur comment et pourquoi vous sortez du lot. Votre marque poss\u00e8de une voix. Vous pouvez pleinement la faire entendre ici.<\/p>\n<\/div><\/div><div class=\"w-separator size_small\"><\/div><div class=\"w-btn-wrapper align_none\"><a class=\"w-btn us-btn-style_3 icon_atright\" title=\"For who\" href=\"https:\/\/list.aztrix.me\/?mode=register&amp;lang=fr\"><span class=\"w-btn-label\">Je me lance<\/span><i class=\"fas fa-arrow-right\"><\/i><\/a><\/div><\/div><\/div><\/div><\/div><div class=\"w-separator size_small\"><\/div><div class=\"g-cols wpb_row for-who-content-right via_flex valign_top type_default stacking_default\"><div class=\"vc_col-sm-6 wpb_column vc_column_container text-for-who-content-right\"><div class=\"vc_column-inner\"><div class=\"wpb_wrapper\"><div class=\"wpb_text_column\"><div class=\"wpb_wrapper\"><h4>\u2026 et pour les individus<\/h4>\n<\/div><\/div><div class=\"w-separator size_small\"><\/div><div class=\"wpb_text_column\"><div class=\"wpb_wrapper\"><p>Vous d\u00e9sirez faire conna\u00eetre votre blog de voyage\u2009? Partager votre profil LinkedIn\u2009? Vos derni\u00e8res cr\u00e9ations du cours de c\u00e9ramique\u2009? Ou, encore mieux, tout cela \u00e0 la fois\u2009? Aztrix* vous aide \u00e0 d\u00e9voiler vos multiples facettes au monde entier.<\/p>\n<\/div><\/div><div class=\"w-separator size_small\"><\/div><div class=\"w-btn-wrapper align_none\"><a class=\"w-btn us-btn-style_3 icon_atright\" title=\"For who\" href=\"https:\/\/list.aztrix.me\/?mode=register&amp;lang=nl\"><span class=\"w-btn-label\">Je me lance<\/span><i class=\"fas fa-arrow-right\"><\/i><\/a><\/div><\/div><\/div><\/div><div class=\"vc_col-sm-6 wpb_column vc_column_container for-who-block-image\"><div class=\"vc_column-inner\"><div class=\"wpb_wrapper\"><div class=\"w-image rounded-image has_ratio align_none\"><a title=\"For who\" href=\"https:\/\/aztrix.me\/for-who\/\" aria-label=\"Lien\" class=\"w-image-h\"><div style=\"padding-bottom:54.386%\"><\/div><img loading=\"lazy\" decoding=\"async\" width=\"1254\" height=\"836\" src=\"https:\/\/aztrix.me\/wp-content\/uploads\/2023\/10\/iStock-1355091294-jpg-webp.webp\" class=\"attachment-full size-full\" alt=\"\" \/><\/a><\/div><\/div><\/div><\/div><\/div><\/div><\/div><\/div><\/div><\/div><\/section>\n<section class=\"l-section wpb_row CTA-block height_medium\"><div class=\"l-section-overlay\" style=\"background:var(--color-content-secondary)\"><\/div><div class=\"l-section-h i-cf\"><div class=\"g-cols vc_row via_flex valign_top type_default stacking_default\"><div class=\"vc_col-sm-3 wpb_column vc_column_container\"><div class=\"vc_column-inner\"><div class=\"wpb_wrapper\"><\/div><\/div><\/div><div class=\"vc_col-sm-6 wpb_column vc_column_container zindex99\"><div class=\"vc_column-inner\"><div class=\"wpb_wrapper\"><div class=\"wpb_text_column\"><div class=\"wpb_wrapper\"><h3 style=\"text-align: center;\">Cr\u00e9ez votre lien. Cr\u00e9ez votre monde.<\/h3>\n<\/div><\/div><div class=\"w-separator size_small\"><\/div><div class=\"wpb_text_column\"><div class=\"wpb_wrapper\"><p style=\"text-align: center;\"><span style=\"color: #305729;\"><br \/>\nAvec Aztrix*, vous partagez ce que vous voulez, comme vous le voulez. Un seul lien pour des possibilit\u00e9s infinies.<\/span><\/p>\n<\/div><\/div><div class=\"w-separator size_small\"><\/div><div class=\"w-hwrapper align_center valign_top\" style=\"--hwrapper-gap:25px\"><div class=\"w-btn-wrapper align_none\"><a class=\"w-btn us-btn-style_1 icon_atright\" href=\"https:\/\/list.aztrix.me\/?mode=register&amp;lang=fr\"><span class=\"w-btn-label\">Cr\u00e9ez votre lien<\/span><i class=\"fas fa-arrow-right\"><\/i><\/a><\/div><div class=\"w-btn-wrapper align_none\"><a class=\"w-btn us-btn-style_2 icon_atright\" title=\"Pricing\" href=\"https:\/\/aztrix.me\/fr\/prix\/\"><span class=\"w-btn-label\">Combien \u00e7a co\u00fbte<\/span><i class=\"fas fa-arrow-right\"><\/i><\/a><\/div><\/div><\/div><\/div><\/div><div class=\"vc_col-sm-3 wpb_column vc_column_container\"><div class=\"vc_column-inner\"><div class=\"wpb_wrapper\"><\/div><\/div><\/div><\/div><\/div><\/section>\n\n","protected":false},"excerpt":{"rendered":"\u00c0 peine pos\u00e9e et d\u00e9j\u00e0 solutionn\u00e9e. Ce qui fait battre le c\u0153ur d\u2019Aztrix*, c\u2019est la simplification. Notre but ultime \u00e9tant de vous rendre les choses plus faciles. Nous avons donc une r\u00e9ponse \u00e0 chacune de vos questions. \u00a0 Comment fonctionne Aztrix*\u2009?Aztrix* rassemble toutes les informations que vous souhaitez partager sous un seul lien. Lorsque vous...","protected":false},"author":1,"featured_media":0,"parent":0,"menu_order":5,"comment_status":"closed","ping_status":"closed","template":"","meta":{"footnotes":""},"class_list":["post-832","page","type-page","status-publish","hentry"],"acf":[],"yoast_head":"<!-- This site is optimized with the Yoast SEO plugin v25.6 - https:\/\/yoast.com\/wordpress\/plugins\/seo\/ -->\n<title>FAQ - Aztrix<\/title>\n<meta name=\"description\" content=\"Notre FAQ r\u00e9pond \u00e0 toutes les questions que vous vous posez sur Aztrix*. D\u00e9couvrez exactement comment fonctionne Aztrix*, ce qu\u2019il peut (et ne peut pas) faire, et ce que l\u2019outil peut vous apporter.\" \/>\n<meta name=\"robots\" content=\"index, follow, max-snippet:-1, max-image-preview:large, max-video-preview:-1\" \/>\n<link rel=\"canonical\" href=\"https:\/\/aztrix.me\/fr\/faq\/\" \/>\n<meta property=\"og:locale\" content=\"fr_FR\" \/>\n<meta property=\"og:type\" content=\"article\" \/>\n<meta property=\"og:title\" content=\"FAQ - Aztrix\" \/>\n<meta property=\"og:description\" content=\"Notre FAQ r\u00e9pond \u00e0 toutes les questions que vous vous posez sur Aztrix*. D\u00e9couvrez exactement comment fonctionne Aztrix*, ce qu\u2019il peut (et ne peut pas) faire, et ce que l\u2019outil peut vous apporter.\" \/>\n<meta property=\"og:url\" content=\"https:\/\/aztrix.me\/fr\/faq\/\" \/>\n<meta property=\"og:site_name\" content=\"Aztrix\" \/>\n<meta property=\"article:modified_time\" content=\"2023-05-23T12:58:40+00:00\" \/>\n<meta name=\"twitter:card\" content=\"summary_large_image\" \/>\n<meta name=\"twitter:label1\" content=\"Dur\u00e9e de lecture estim\u00e9e\" \/>\n\t<meta name=\"twitter:data1\" content=\"3 minutes\" \/>\n<script type=\"application\/ld+json\" class=\"yoast-schema-graph\">{\"@context\":\"https:\/\/schema.org\",\"@graph\":[{\"@type\":\"WebPage\",\"@id\":\"https:\/\/aztrix.me\/fr\/faq\/\",\"url\":\"https:\/\/aztrix.me\/fr\/faq\/\",\"name\":\"FAQ - Aztrix\",\"isPartOf\":{\"@id\":\"https:\/\/aztrix.me\/#website\"},\"datePublished\":\"2023-03-29T13:05:36+00:00\",\"dateModified\":\"2023-05-23T12:58:40+00:00\",\"description\":\"Notre FAQ r\u00e9pond \u00e0 toutes les questions que vous vous posez sur Aztrix*. D\u00e9couvrez exactement comment fonctionne Aztrix*, ce qu\u2019il peut (et ne peut pas) faire, et ce que l\u2019outil peut vous apporter.\",\"inLanguage\":\"fr-FR\",\"potentialAction\":[{\"@type\":\"ReadAction\",\"target\":[\"https:\/\/aztrix.me\/fr\/faq\/\"]}]},{\"@type\":\"WebSite\",\"@id\":\"https:\/\/aztrix.me\/#website\",\"url\":\"https:\/\/aztrix.me\/\",\"name\":\"Aztrix\",\"description\":\"\",\"publisher\":{\"@id\":\"https:\/\/aztrix.me\/#organization\"},\"potentialAction\":[{\"@type\":\"SearchAction\",\"target\":{\"@type\":\"EntryPoint\",\"urlTemplate\":\"https:\/\/aztrix.me\/?s={search_term_string}\"},\"query-input\":{\"@type\":\"PropertyValueSpecification\",\"valueRequired\":true,\"valueName\":\"search_term_string\"}}],\"inLanguage\":\"fr-FR\"},{\"@type\":\"Organization\",\"@id\":\"https:\/\/aztrix.me\/#organization\",\"name\":\"Aztrix\",\"url\":\"https:\/\/aztrix.me\/\",\"logo\":{\"@type\":\"ImageObject\",\"inLanguage\":\"fr-FR\",\"@id\":\"https:\/\/aztrix.me\/#\/schema\/logo\/image\/\",\"url\":\"https:\/\/aztrix.me\/wp-content\/uploads\/2023\/03\/Aztrix_logo.png\",\"contentUrl\":\"https:\/\/aztrix.me\/wp-content\/uploads\/2023\/03\/Aztrix_logo.png\",\"width\":260,\"height\":121,\"caption\":\"Aztrix\"},\"image\":{\"@id\":\"https:\/\/aztrix.me\/#\/schema\/logo\/image\/\"}}]}<\/script>\n<!-- \/ Yoast SEO plugin. -->","yoast_head_json":{"title":"FAQ - Aztrix","description":"Notre FAQ r\u00e9pond \u00e0 toutes les questions que vous vous posez sur Aztrix*. D\u00e9couvrez exactement comment fonctionne Aztrix*, ce qu\u2019il peut (et ne peut pas) faire, et ce que l\u2019outil peut vous apporter.","robots":{"index":"index","follow":"follow","max-snippet":"max-snippet:-1","max-image-preview":"max-image-preview:large","max-video-preview":"max-video-preview:-1"},"canonical":"https:\/\/aztrix.me\/fr\/faq\/","og_locale":"fr_FR","og_type":"article","og_title":"FAQ - Aztrix","og_description":"Notre FAQ r\u00e9pond \u00e0 toutes les questions que vous vous posez sur Aztrix*. D\u00e9couvrez exactement comment fonctionne Aztrix*, ce qu\u2019il peut (et ne peut pas) faire, et ce que l\u2019outil peut vous apporter.","og_url":"https:\/\/aztrix.me\/fr\/faq\/","og_site_name":"Aztrix","article_modified_time":"2023-05-23T12:58:40+00:00","twitter_card":"summary_large_image","twitter_misc":{"Dur\u00e9e de lecture estim\u00e9e":"3 minutes"},"schema":{"@context":"https:\/\/schema.org","@graph":[{"@type":"WebPage","@id":"https:\/\/aztrix.me\/fr\/faq\/","url":"https:\/\/aztrix.me\/fr\/faq\/","name":"FAQ - Aztrix","isPartOf":{"@id":"https:\/\/aztrix.me\/#website"},"datePublished":"2023-03-29T13:05:36+00:00","dateModified":"2023-05-23T12:58:40+00:00","description":"Notre FAQ r\u00e9pond \u00e0 toutes les questions que vous vous posez sur Aztrix*. D\u00e9couvrez exactement comment fonctionne Aztrix*, ce qu\u2019il peut (et ne peut pas) faire, et ce que l\u2019outil peut vous apporter.","inLanguage":"fr-FR","potentialAction":[{"@type":"ReadAction","target":["https:\/\/aztrix.me\/fr\/faq\/"]}]},{"@type":"WebSite","@id":"https:\/\/aztrix.me\/#website","url":"https:\/\/aztrix.me\/","name":"Aztrix","description":"","publisher":{"@id":"https:\/\/aztrix.me\/#organization"},"potentialAction":[{"@type":"SearchAction","target":{"@type":"EntryPoint","urlTemplate":"https:\/\/aztrix.me\/?s={search_term_string}"},"query-input":{"@type":"PropertyValueSpecification","valueRequired":true,"valueName":"search_term_string"}}],"inLanguage":"fr-FR"},{"@type":"Organization","@id":"https:\/\/aztrix.me\/#organization","name":"Aztrix","url":"https:\/\/aztrix.me\/","logo":{"@type":"ImageObject","inLanguage":"fr-FR","@id":"https:\/\/aztrix.me\/#\/schema\/logo\/image\/","url":"https:\/\/aztrix.me\/wp-content\/uploads\/2023\/03\/Aztrix_logo.png","contentUrl":"https:\/\/aztrix.me\/wp-content\/uploads\/2023\/03\/Aztrix_logo.png","width":260,"height":121,"caption":"Aztrix"},"image":{"@id":"https:\/\/aztrix.me\/#\/schema\/logo\/image\/"}}]}},"_links":{"self":[{"href":"https:\/\/aztrix.me\/fr\/wp-json\/wp\/v2\/pages\/832","targetHints":{"allow":["GET"]}}],"collection":[{"href":"https:\/\/aztrix.me\/fr\/wp-json\/wp\/v2\/pages"}],"about":[{"href":"https:\/\/aztrix.me\/fr\/wp-json\/wp\/v2\/types\/page"}],"author":[{"embeddable":true,"href":"https:\/\/aztrix.me\/fr\/wp-json\/wp\/v2\/users\/1"}],"replies":[{"embeddable":true,"href":"https:\/\/aztrix.me\/fr\/wp-json\/wp\/v2\/comments?post=832"}],"version-history":[{"count":5,"href":"https:\/\/aztrix.me\/fr\/wp-json\/wp\/v2\/pages\/832\/revisions"}],"predecessor-version":[{"id":1089,"href":"https:\/\/aztrix.me\/fr\/wp-json\/wp\/v2\/pages\/832\/revisions\/1089"}],"wp:attachment":[{"href":"https:\/\/aztrix.me\/fr\/wp-json\/wp\/v2\/media?parent=832"}],"curies":[{"name":"wp","href":"https:\/\/api.w.org\/{rel}","templated":true}]}}