{"id":822,"date":"2023-04-03T15:25:14","date_gmt":"2023-04-03T13:25:14","guid":{"rendered":"https:\/\/aztrix.kinsta.cloud\/?page_id=822"},"modified":"2023-05-08T15:05:42","modified_gmt":"2023-05-08T13:05:42","slug":"prix","status":"publish","type":"page","link":"https:\/\/aztrix.me\/fr\/prix\/","title":{"rendered":"Prix"},"content":{"rendered":"<section class=\"l-section wpb_row height_medium\"><div class=\"l-section-h i-cf\"><div class=\"g-cols vc_row via_flex valign_top type_default stacking_default\"><div class=\"vc_col-sm-12 wpb_column vc_column_container priceplan-page-title\"><div class=\"vc_column-inner\"><div class=\"wpb_wrapper\"><div class=\"wpb_text_column\"><div class=\"wpb_wrapper\"><h1>Pr\u00eat \u00e0 commencer avec Aztrix*?<\/h1>\n<\/div><\/div><\/div><\/div><\/div><\/div><\/div><\/section><section class=\"l-section wpb_row price-table height_small\"><div class=\"l-section-h i-cf\"><div class=\"g-cols vc_row via_flex valign_top type_default stacking_default\"><div class=\"vc_col-sm-12 wpb_column vc_column_container\"><div class=\"vc_column-inner\"><div class=\"wpb_wrapper\">[vc_raw_html]JTVCdGFibGUlMjBpZCUzRDMlMjAlMkYlNUQ=[\/vc_raw_html]<\/div><\/div><\/div><\/div><\/div><\/section><section class=\"l-section wpb_row height_auto\"><div class=\"l-section-h i-cf\"><div class=\"g-cols vc_row via_flex valign_top type_default stacking_default\"><div class=\"vc_col-sm-12 wpb_column vc_column_container\"><div class=\"vc_column-inner\"><div class=\"wpb_wrapper\">[vc_raw_html]JTNDc2NyaXB0JTNFJTBBbGV0JTIwcm93cyUyMCUzRCUyMGRvY3VtZW50LmdldEVsZW1lbnRCeUlkJTI4JTIydGFibGVwcmVzcy0xJTIyJTI5LnJvd3MlM0IlMjAlMEF2YXIlMjBmaXJzdFRpbWVNb2JpbGUlMjAlM0QlMjAwJTNCJTBBdmFyJTIwZmlyc3RUaW1lRGVzayUyMCUzRCUyMDAlM0IlMjAlMEF2YXIlMjB3aW5kb3dXaWR0aCUyMCUzRCUyMHdpbmRvdy5pbm5lcndpZHRoJTNCJTBBJTBBZnVuY3Rpb24lMjByZXNpemVoZWlnaHQlMjglMjklMjAlN0IlMEElMjAlMjBmb3IlMjAlMjhsZXQlMjBpJTIwJTNEJTIwMCUzQiUyMGklMjAlM0MlMjByb3dzLmxlbmd0aCUzQiUyMGklMkIlMkIlMjklMjAlN0IlMEElMjAlMjAlMjAlMjB2YXIlMjBjZWxscyUyMCUzRCUyMHJvd3MlNUJpJTVELmNlbGxzJTNCJTBBJTIwJTIwJTIwJTIwbGV0JTIwY2VsbGhlaWdodHMlMjAlM0QlMjAlNUIlNUQlM0IlMEElMjAlMjAlMjAlMjBmb3IlMjAlMjhsZXQlMjBqJTIwJTNEJTIwMCUzQiUyMGolMjAlM0MlMjBjZWxscy5sZW5ndGglM0IlMjBqJTJCJTJCJTI5JTIwJTdCJTBBJTIwJTIwJTIwJTIwJTIwJTIwJTIwY2VsbGhlaWdodHMucHVzaCUyOGNlbGxzJTVCaiU1RC5vZmZzZXRIZWlnaHQlMjklM0IlMEElMjAlMjAlMjAlMjAlN0QlMEElMjAlMjAlMjAlMjBsZXQlMjBoaWdoZXN0SGVpZ2h0JTIwJTNEJTIwTWF0aC5tYXglMjguLi5jZWxsaGVpZ2h0cyUyOSUzQiUwQSUyMCUyMCUyMCUyMGZvciUyMCUyOGxldCUyMGslMjAlM0QlMjAwJTNCJTIwayUyMCUzQyUyMGNlbGxzLmxlbmd0aCUzQiUyMGslMkIlMkIlMjklMjAlN0IlMEElMjAlMjAlMjAlMjAlMjAlMjBjZWxscyU1QmslNUQuc3R5bGUuaGVpZ2h0JTIwJTNEJTIwaGlnaGVzdEhlaWdodCUyMCUyQiUyMCUyMnB4JTIyJTNCJTIwJTIwJTIwJTBBJTIwJTIwJTIwJTIwJTdEJTBBJTIwJTIwJTdEJTBBJTdEJTBBJTBBZnVuY3Rpb24lMjBjaGVja0ZpcnN0V2lkdGglMjglMjklMjAlN0IlMEElMjAlMjBpZiUyOHdpbmRvd1dpZHRoJTIwJTNDJTIwNzY4JTI5JTIwJTdCJTBBJTIwJTIwJTIwJTIwZmlyc3RUaW1lTW9iaWxlJTIwJTNEJTIwMSUzQiUwQSUyMCUyMCUyMCUyMHJlc2l6ZWhlaWdodCUyOCUyOSUzQiUwQSUyMCUyMCU3RCUwQSUyMCUyMGVsc2UlMjAlN0IlMEElMjAlMjAlMjAlMjBmaXJzdFRpbWVEZXNrJTIwJTNEJTIwMSUzQiUwQSUyMCUyMCUyMCUyMHJlc2l6ZWhlaWdodCUyOCUyOSUzQiUwQSUyMCUyMCU3RCUwQSU3RCUwQSUwQWZ1bmN0aW9uJTIwY2hlY2tXaW5kb3clMjglMjklMjAlN0IlMEElMjAlMjBpZiUyMCUyOHdpbmRvdy5pbm5lcldpZHRoJTIwJTNDJTIwNzY4JTIwJTI2JTI2JTIwZmlyc3RUaW1lTW9iaWxlJTIwJTNEJTNEJTIwMCUyOSUyMCU3QiUwQSUyMCUyMCUyMCUyMGZpcnN0VGltZU1vYmlsZSUyMCUzRCUyMDElM0IlMEElMjAlMjAlMjAlMjBmaXJzdFRpbWVEZXNrJTIwJTNEJTIwMCUzQiUwQSUyMCUyMCUyMCUyMGNsZWFySGVpZ2h0JTI4JTI5JTNCJTBBJTIwJTIwJTdEJTBBJTIwJTIwZWxzZSUyMGlmJTIwJTI4d2luZG93LmlubmVyV2lkdGglMjAlM0UlMjA3NjglMjAlMjYlMjYlMjBmaXJzdFRpbWVEZXNrJTIwJTNEJTNEJTIwMCUyOSUyMCU3QiUwQSUyMCUyMCUyMCUyMGZpcnN0VGltZU1vYmlsZSUyMCUzRCUyMDAlM0IlMEElMjAlMjAlMjAlMjBmaXJzdFRpbWVEZXNrJTIwJTNEJTIwMSUzQiUwQSUyMCUyMCUyMCUyMGNsZWFySGVpZ2h0JTI4JTI5JTNCJTBBJTIwJTIwJTdEJTIwJTBBJTdEJTBBJTBBZnVuY3Rpb24lMjBjbGVhckhlaWdodCUyOCUyOSUyMCU3QiUwQSUyMCUyMGZvciUyMCUyOGxldCUyMGklMjAlM0QlMjAwJTNCJTIwaSUyMCUzQyUyMHJvd3MubGVuZ3RoJTNCJTIwaSUyQiUyQiUyOSUyMCU3QiUwQSUyMCUyMCUyMCUyMHZhciUyMGNlbGxzJTIwJTNEJTIwcm93cyU1QmklNUQuY2VsbHMlM0IlMEElMjAlMjAlMjAlMjBmb3IlMjAlMjhsZXQlMjBqJTIwJTNEJTIwMCUzQiUyMGolMjAlM0MlMjBjZWxscy5sZW5ndGglM0IlMjBqJTJCJTJCJTI5JTIwJTdCJTBBJTIwJTIwJTIwJTIwJTIwJTIwY2VsbHMlNUJqJTVELnN0eWxlLmhlaWdodCUyMCUzRCUyMCUyMmF1dG8lMjIlM0IlMjAlMjAlMjAlMEElMjAlMjAlMjAlMjAlN0QlMEElMjAlMjAlN0QlMEElMjAlMjByZXNpemVoZWlnaHQlMjglMjklM0IlMEElN0QlMEElMEF3aW5kb3cub25sb2FkJTIwJTNEJTIwY2hlY2tGaXJzdFdpZHRoJTNCJTBBd2luZG93Lm9ucmVzaXplJTIwJTNEJTIwY2hlY2tXaW5kb3clM0IlMEElM0MlMkZzY3JpcHQlM0U=[\/vc_raw_html]<\/div><\/div><\/div><\/div><\/div><\/section><section class=\"l-section wpb_row faq-section-block height_large\"><div class=\"l-section-h i-cf\"><div class=\"g-cols vc_row via_flex valign_top type_default stacking_default\"><div class=\"vc_col-sm-12 wpb_column vc_column_container faq-section\"><div class=\"vc_column-inner\"><div class=\"wpb_wrapper\"><div class=\"wpb_text_column us_custom_a833bf3c\"><div class=\"wpb_wrapper\"><h2>FAQ<\/h2>\n<\/div><\/div><div class=\"g-cols wpb_row via_flex valign_top type_default stacking_default\"><div class=\"vc_col-sm-5 wpb_column vc_column_container\"><div class=\"vc_column-inner\"><div class=\"wpb_wrapper\"><div class=\"wpb_text_column\"><div class=\"wpb_wrapper\"><p>Ce qui fait battre le c\u0153ur d\u2019Aztrix*, c\u2019est la simplification. Notre but ultime \u00e9tant de vous rendre les choses plus faciles. Nous avons donc une r\u00e9ponse \u00e0 chacune de vos questions.<\/p>\n<\/div><\/div><\/div><\/div><\/div><div class=\"vc_col-sm-7 wpb_column vc_column_container\"><div class=\"vc_column-inner\"><div class=\"wpb_wrapper\"><\/div><\/div><\/div><\/div><div class=\"w-separator size_medium\"><\/div><div class=\"w-tabs faq-questions style_default switch_click accordion\" style=\"--sections-title-size:inherit\"><div class=\"w-tabs-sections titles-align_none icon_chevron cpos_right\"><div class=\"w-tabs-section\" id=\"j769\"><button class=\"w-tabs-section-header\" aria-controls=\"content-j769\" aria-expanded=\"false\"><div class=\"w-tabs-section-title\">Comment fonctionne Aztrix*\u2009?<\/div><div class=\"w-tabs-section-control\"><\/div><\/button><div  class=\"w-tabs-section-content\" id=\"content-j769\"><div class=\"w-tabs-section-content-h i-cf\"><div class=\"wpb_text_column\"><div class=\"wpb_wrapper\"><p><span style=\"font-weight: 400;\">Aztrix* rassemble toutes les informations que vous souhaitez partager sous un seul lien. Lorsque vous cr\u00e9ez votre Aztrix*, vous choisissez ce qu\u2019il contient. Consid\u00e9rez-le comme votre carte de visite en ligne, ou comme une petite pi\u00e8ce sur le web o\u00f9 vous pouvez recevoir vos invit\u00e9s.<\/span><\/p>\n<\/div><\/div><\/div><\/div><\/div><div class=\"w-tabs-section\" id=\"c7cc\"><button class=\"w-tabs-section-header\" aria-controls=\"content-c7cc\" aria-expanded=\"false\"><div class=\"w-tabs-section-title\">Pourquoi choisir Aztrix*\u2009?<\/div><div class=\"w-tabs-section-control\"><\/div><\/button><div  class=\"w-tabs-section-content\" id=\"content-c7cc\"><div class=\"w-tabs-section-content-h i-cf\"><div class=\"wpb_text_column\"><div class=\"wpb_wrapper\"><p><span style=\"font-weight: 400;\">Internet est infini et c\u2019est en partie ce qui fait sa force. Mais cela signifie aussi que notre pr\u00e9sence en ligne est souvent dispers\u00e9e aux quatre coins du web. Aztrix* rassemble ces diff\u00e9rents fragments sous un seul lien afin d\u2019offrir un tableau complet, qu\u2019il s\u2019agisse de vous ou de votre marque. Un tableau que vous pouvez \u00e9galement peindre comme vous l\u2019entendez. Car quoi de plus agr\u00e9able que de contr\u00f4ler soi-m\u00eame ses donn\u00e9es\u2009?<\/span><span style=\"font-weight: 400;\"><br \/>\n<\/span><\/p>\n<\/div><\/div><\/div><\/div><\/div><div class=\"w-tabs-section\" id=\"r820\"><button class=\"w-tabs-section-header\" aria-controls=\"content-r820\" aria-expanded=\"false\"><div class=\"w-tabs-section-title\">Que puis-je partager\u2009?<\/div><div class=\"w-tabs-section-control\"><\/div><\/button><div  class=\"w-tabs-section-content\" id=\"content-r820\"><div class=\"w-tabs-section-content-h i-cf\"><div class=\"wpb_text_column\"><div class=\"wpb_wrapper\"><p><span style=\"font-weight: 400;\">Liens, donn\u00e9es de contact, profils, documents \u2014 tout ce que vous avez l\u2019habitude de partager publiquement peut trouver sa place sur votre profil Aztrix*. Et c\u2019est justement l\u00e0 que r\u00e9side une condition importante. (\u2026)<\/span><\/p>\n<\/div><\/div><\/div><\/div><\/div><div class=\"w-tabs-section\" id=\"l876\"><button class=\"w-tabs-section-header\" aria-controls=\"content-l876\" aria-expanded=\"false\"><div class=\"w-tabs-section-title\">Qu\u2019en est-il des directives du RGPD\u2009?<\/div><div class=\"w-tabs-section-control\"><\/div><\/button><div  class=\"w-tabs-section-content\" id=\"content-l876\"><div class=\"w-tabs-section-content-h i-cf\"><div class=\"wpb_text_column\"><div class=\"wpb_wrapper\"><p><span style=\"font-weight: 400;\">Lorsque vous partagez ou collectez des donn\u00e9es par l\u2019interm\u00e9diaire d\u2019Aztrix*, nous veillons \u00e0 ce qu\u2019elles soient automatiquement conformes au RGPD. Pour plus d\u2019informations sur notre politique de confidentialit\u00e9, <a href=\"https:\/\/aztrix.me\/fr\/politique-de-confidentialite\/\">cliquez ici<\/a>.<\/span><\/p>\n<\/div><\/div><\/div><\/div><\/div><div class=\"w-tabs-section\" id=\"e8d7\"><button class=\"w-tabs-section-header\" aria-controls=\"content-e8d7\" aria-expanded=\"false\"><div class=\"w-tabs-section-title\">Vous recherchez la plateforme aztrix.me pour g\u00e9rer les donn\u00e9es de contact et la confidentialit\u00e9 ?<\/div><div class=\"w-tabs-section-control\"><\/div><\/button><div  class=\"w-tabs-section-content\" id=\"content-e8d7\"><div class=\"w-tabs-section-content-h i-cf\"><div class=\"wpb_text_column\"><div class=\"wpb_wrapper\"><ul style=\"font-weight: 400;\">\n<li>Vous pouvez toujours vous connecter \u00e0 la plateforme Aztrix ici : <span style=\"font-weight: 400;\"><a title=\"http:\/\/platform.aztrix.me\/\" href=\"http:\/\/platform.aztrix.me\/\">platform.aztrix.me<\/a><\/span>\u00a0Nous modifions les fonctionnalit\u00e9s d&rsquo;Aztrix pour prendre en charge une vari\u00e9t\u00e9 de produits et nous avons donc d\u00e9plac\u00e9 notre gestion des donn\u00e9es et de la vie priv\u00e9e vers <a href=\"http:\/\/platform.aztrix.me\/\">platform.aztrix.me<\/a>\u00a0.<\/li>\n<\/ul>\n<\/div><\/div><\/div><\/div><\/div><\/div><\/div><div class=\"w-separator size_medium\"><\/div><div class=\"w-btn-wrapper align_center\"><a class=\"w-btn us-btn-style_4 icon_atright\" title=\"FAQ\" href=\"https:\/\/aztrix.me\/fr\/faq\/\"><span class=\"w-btn-label\">Toutes les FAQ<\/span><i class=\"fas fa-arrow-right\"><\/i><\/a><\/div><\/div><\/div><\/div><\/div><\/div><\/section>\n<section class=\"l-section wpb_row CTA-block height_medium\"><div class=\"l-section-overlay\" style=\"background:var(--color-content-secondary)\"><\/div><div class=\"l-section-h i-cf\"><div class=\"g-cols vc_row via_flex valign_top type_default stacking_default\"><div class=\"vc_col-sm-3 wpb_column vc_column_container\"><div class=\"vc_column-inner\"><div class=\"wpb_wrapper\"><\/div><\/div><\/div><div class=\"vc_col-sm-6 wpb_column vc_column_container zindex99\"><div class=\"vc_column-inner\"><div class=\"wpb_wrapper\"><div class=\"wpb_text_column\"><div class=\"wpb_wrapper\"><h3 style=\"text-align: center;\">Cr\u00e9ez votre lien. Cr\u00e9ez votre monde.<\/h3>\n<\/div><\/div><div class=\"w-separator size_small\"><\/div><div class=\"wpb_text_column\"><div class=\"wpb_wrapper\"><p style=\"text-align: center;\"><span style=\"color: #305729;\"><br \/>\nAvec Aztrix*, vous partagez ce que vous voulez, comme vous le voulez. Un seul lien pour des possibilit\u00e9s infinies.<\/span><\/p>\n<\/div><\/div><div class=\"w-separator size_small\"><\/div><div class=\"w-hwrapper align_center valign_top\" style=\"--hwrapper-gap:25px\"><div class=\"w-btn-wrapper align_none\"><a class=\"w-btn us-btn-style_1 icon_atright\" href=\"https:\/\/list.aztrix.me\/?mode=register&amp;lang=fr\"><span class=\"w-btn-label\">Cr\u00e9ez votre lien<\/span><i class=\"fas fa-arrow-right\"><\/i><\/a><\/div><div class=\"w-btn-wrapper align_none\"><a class=\"w-btn us-btn-style_2 icon_atright\" title=\"Pricing\" href=\"https:\/\/aztrix.me\/fr\/prix\/\"><span class=\"w-btn-label\">Combien \u00e7a co\u00fbte<\/span><i class=\"fas fa-arrow-right\"><\/i><\/a><\/div><\/div><\/div><\/div><\/div><div class=\"vc_col-sm-3 wpb_column vc_column_container\"><div class=\"vc_column-inner\"><div class=\"wpb_wrapper\"><\/div><\/div><\/div><\/div><\/div><\/section>\n\n","protected":false},"excerpt":{"rendered":"Pr\u00eat \u00e0 commencer avec Aztrix*? [vc_raw_html]JTVCdGFibGUlMjBpZCUzRDMlMjAlMkYlNUQ=[\/vc_raw_html][vc_raw_html]JTNDc2NyaXB0JTNFJTBBbGV0JTIwcm93cyUyMCUzRCUyMGRvY3VtZW50LmdldEVsZW1lbnRCeUlkJTI4JTIydGFibGVwcmVzcy0xJTIyJTI5LnJvd3MlM0IlMjAlMEF2YXIlMjBmaXJzdFRpbWVNb2JpbGUlMjAlM0QlMjAwJTNCJTBBdmFyJTIwZmlyc3RUaW1lRGVzayUyMCUzRCUyMDAlM0IlMjAlMEF2YXIlMjB3aW5kb3dXaWR0aCUyMCUzRCUyMHdpbmRvdy5pbm5lcndpZHRoJTNCJTBBJTBBZnVuY3Rpb24lMjByZXNpemVoZWlnaHQlMjglMjklMjAlN0IlMEElMjAlMjBmb3IlMjAlMjhsZXQlMjBpJTIwJTNEJTIwMCUzQiUyMGklMjAlM0MlMjByb3dzLmxlbmd0aCUzQiUyMGklMkIlMkIlMjklMjAlN0IlMEElMjAlMjAlMjAlMjB2YXIlMjBjZWxscyUyMCUzRCUyMHJvd3MlNUJpJTVELmNlbGxzJTNCJTBBJTIwJTIwJTIwJTIwbGV0JTIwY2VsbGhlaWdodHMlMjAlM0QlMjAlNUIlNUQlM0IlMEElMjAlMjAlMjAlMjBmb3IlMjAlMjhsZXQlMjBqJTIwJTNEJTIwMCUzQiUyMGolMjAlM0MlMjBjZWxscy5sZW5ndGglM0IlMjBqJTJCJTJCJTI5JTIwJTdCJTBBJTIwJTIwJTIwJTIwJTIwJTIwJTIwY2VsbGhlaWdodHMucHVzaCUyOGNlbGxzJTVCaiU1RC5vZmZzZXRIZWlnaHQlMjklM0IlMEElMjAlMjAlMjAlMjAlN0QlMEElMjAlMjAlMjAlMjBsZXQlMjBoaWdoZXN0SGVpZ2h0JTIwJTNEJTIwTWF0aC5tYXglMjguLi5jZWxsaGVpZ2h0cyUyOSUzQiUwQSUyMCUyMCUyMCUyMGZvciUyMCUyOGxldCUyMGslMjAlM0QlMjAwJTNCJTIwayUyMCUzQyUyMGNlbGxzLmxlbmd0aCUzQiUyMGslMkIlMkIlMjklMjAlN0IlMEElMjAlMjAlMjAlMjAlMjAlMjBjZWxscyU1QmslNUQuc3R5bGUuaGVpZ2h0JTIwJTNEJTIwaGlnaGVzdEhlaWdodCUyMCUyQiUyMCUyMnB4JTIyJTNCJTIwJTIwJTIwJTBBJTIwJTIwJTIwJTIwJTdEJTBBJTIwJTIwJTdEJTBBJTdEJTBBJTBBZnVuY3Rpb24lMjBjaGVja0ZpcnN0V2lkdGglMjglMjklMjAlN0IlMEElMjAlMjBpZiUyOHdpbmRvd1dpZHRoJTIwJTNDJTIwNzY4JTI5JTIwJTdCJTBBJTIwJTIwJTIwJTIwZmlyc3RUaW1lTW9iaWxlJTIwJTNEJTIwMSUzQiUwQSUyMCUyMCUyMCUyMHJlc2l6ZWhlaWdodCUyOCUyOSUzQiUwQSUyMCUyMCU3RCUwQSUyMCUyMGVsc2UlMjAlN0IlMEElMjAlMjAlMjAlMjBmaXJzdFRpbWVEZXNrJTIwJTNEJTIwMSUzQiUwQSUyMCUyMCUyMCUyMHJlc2l6ZWhlaWdodCUyOCUyOSUzQiUwQSUyMCUyMCU3RCUwQSU3RCUwQSUwQWZ1bmN0aW9uJTIwY2hlY2tXaW5kb3clMjglMjklMjAlN0IlMEElMjAlMjBpZiUyMCUyOHdpbmRvdy5pbm5lcldpZHRoJTIwJTNDJTIwNzY4JTIwJTI2JTI2JTIwZmlyc3RUaW1lTW9iaWxlJTIwJTNEJTNEJTIwMCUyOSUyMCU3QiUwQSUyMCUyMCUyMCUyMGZpcnN0VGltZU1vYmlsZSUyMCUzRCUyMDElM0IlMEElMjAlMjAlMjAlMjBmaXJzdFRpbWVEZXNrJTIwJTNEJTIwMCUzQiUwQSUyMCUyMCUyMCUyMGNsZWFySGVpZ2h0JTI4JTI5JTNCJTBBJTIwJTIwJTdEJTBBJTIwJTIwZWxzZSUyMGlmJTIwJTI4d2luZG93LmlubmVyV2lkdGglMjAlM0UlMjA3NjglMjAlMjYlMjYlMjBmaXJzdFRpbWVEZXNrJTIwJTNEJTNEJTIwMCUyOSUyMCU3QiUwQSUyMCUyMCUyMCUyMGZpcnN0VGltZU1vYmlsZSUyMCUzRCUyMDAlM0IlMEElMjAlMjAlMjAlMjBmaXJzdFRpbWVEZXNrJTIwJTNEJTIwMSUzQiUwQSUyMCUyMCUyMCUyMGNsZWFySGVpZ2h0JTI4JTI5JTNCJTBBJTIwJTIwJTdEJTIwJTBBJTdEJTBBJTBBZnVuY3Rpb24lMjBjbGVhckhlaWdodCUyOCUyOSUyMCU3QiUwQSUyMCUyMGZvciUyMCUyOGxldCUyMGklMjAlM0QlMjAwJTNCJTIwaSUyMCUzQyUyMHJvd3MubGVuZ3RoJTNCJTIwaSUyQiUyQiUyOSUyMCU3QiUwQSUyMCUyMCUyMCUyMHZhciUyMGNlbGxzJTIwJTNEJTIwcm93cyU1QmklNUQuY2VsbHMlM0IlMEElMjAlMjAlMjAlMjBmb3IlMjAlMjhsZXQlMjBqJTIwJTNEJTIwMCUzQiUyMGolMjAlM0MlMjBjZWxscy5sZW5ndGglM0IlMjBqJTJCJTJCJTI5JTIwJTdCJTBBJTIwJTIwJTIwJTIwJTIwJTIwY2VsbHMlNUJqJTVELnN0eWxlLmhlaWdodCUyMCUzRCUyMCUyMmF1dG8lMjIlM0IlMjAlMjAlMjAlMEElMjAlMjAlMjAlMjAlN0QlMEElMjAlMjAlN0QlMEElMjAlMjByZXNpemVoZWlnaHQlMjglMjklM0IlMEElN0QlMEElMEF3aW5kb3cub25sb2FkJTIwJTNEJTIwY2hlY2tGaXJzdFdpZHRoJTNCJTBBd2luZG93Lm9ucmVzaXplJTIwJTNEJTIwY2hlY2tXaW5kb3clM0IlMEElM0MlMkZzY3JpcHQlM0U=[\/vc_raw_html]FAQ Ce qui fait battre le c\u0153ur d\u2019Aztrix*, c\u2019est la simplification. Notre but ultime \u00e9tant de vous rendre les choses plus faciles. Nous avons donc une r\u00e9ponse \u00e0 chacune de vos questions. Comment fonctionne Aztrix*\u2009?Aztrix* rassemble toutes les informations que vous souhaitez partager sous un seul lien. Lorsque vous cr\u00e9ez...","protected":false},"author":1,"featured_media":0,"parent":0,"menu_order":4,"comment_status":"closed","ping_status":"closed","template":"","meta":{"footnotes":""},"class_list":["post-822","page","type-page","status-publish","hentry"],"acf":[],"yoast_head":"<!-- This site is optimized with the Yoast SEO plugin v25.6 - https:\/\/yoast.com\/wordpress\/plugins\/seo\/ -->\n<title>Prix - Aztrix<\/title>\n<meta name=\"robots\" content=\"index, follow, max-snippet:-1, max-image-preview:large, max-video-preview:-1\" \/>\n<link rel=\"canonical\" href=\"https:\/\/aztrix.me\/fr\/prix\/\" \/>\n<meta property=\"og:locale\" content=\"fr_FR\" \/>\n<meta property=\"og:type\" content=\"article\" \/>\n<meta property=\"og:title\" content=\"Prix - Aztrix\" \/>\n<meta property=\"og:url\" content=\"https:\/\/aztrix.me\/fr\/prix\/\" \/>\n<meta property=\"og:site_name\" content=\"Aztrix\" \/>\n<meta property=\"article:modified_time\" content=\"2023-05-08T13:05:42+00:00\" \/>\n<meta name=\"twitter:card\" content=\"summary_large_image\" \/>\n<meta name=\"twitter:label1\" content=\"Dur\u00e9e de lecture estim\u00e9e\" \/>\n\t<meta name=\"twitter:data1\" content=\"1 minute\" \/>\n<script type=\"application\/ld+json\" class=\"yoast-schema-graph\">{\"@context\":\"https:\/\/schema.org\",\"@graph\":[{\"@type\":\"WebPage\",\"@id\":\"https:\/\/aztrix.me\/fr\/prix\/\",\"url\":\"https:\/\/aztrix.me\/fr\/prix\/\",\"name\":\"Prix - Aztrix\",\"isPartOf\":{\"@id\":\"https:\/\/aztrix.me\/#website\"},\"datePublished\":\"2023-04-03T13:25:14+00:00\",\"dateModified\":\"2023-05-08T13:05:42+00:00\",\"inLanguage\":\"fr-FR\",\"potentialAction\":[{\"@type\":\"ReadAction\",\"target\":[\"https:\/\/aztrix.me\/fr\/prix\/\"]}]},{\"@type\":\"WebSite\",\"@id\":\"https:\/\/aztrix.me\/#website\",\"url\":\"https:\/\/aztrix.me\/\",\"name\":\"Aztrix\",\"description\":\"\",\"publisher\":{\"@id\":\"https:\/\/aztrix.me\/#organization\"},\"potentialAction\":[{\"@type\":\"SearchAction\",\"target\":{\"@type\":\"EntryPoint\",\"urlTemplate\":\"https:\/\/aztrix.me\/?s={search_term_string}\"},\"query-input\":{\"@type\":\"PropertyValueSpecification\",\"valueRequired\":true,\"valueName\":\"search_term_string\"}}],\"inLanguage\":\"fr-FR\"},{\"@type\":\"Organization\",\"@id\":\"https:\/\/aztrix.me\/#organization\",\"name\":\"Aztrix\",\"url\":\"https:\/\/aztrix.me\/\",\"logo\":{\"@type\":\"ImageObject\",\"inLanguage\":\"fr-FR\",\"@id\":\"https:\/\/aztrix.me\/#\/schema\/logo\/image\/\",\"url\":\"https:\/\/aztrix.me\/wp-content\/uploads\/2023\/03\/Aztrix_logo.png\",\"contentUrl\":\"https:\/\/aztrix.me\/wp-content\/uploads\/2023\/03\/Aztrix_logo.png\",\"width\":260,\"height\":121,\"caption\":\"Aztrix\"},\"image\":{\"@id\":\"https:\/\/aztrix.me\/#\/schema\/logo\/image\/\"}}]}<\/script>\n<!-- \/ Yoast SEO plugin. -->","yoast_head_json":{"title":"Prix - Aztrix","robots":{"index":"index","follow":"follow","max-snippet":"max-snippet:-1","max-image-preview":"max-image-preview:large","max-video-preview":"max-video-preview:-1"},"canonical":"https:\/\/aztrix.me\/fr\/prix\/","og_locale":"fr_FR","og_type":"article","og_title":"Prix - Aztrix","og_url":"https:\/\/aztrix.me\/fr\/prix\/","og_site_name":"Aztrix","article_modified_time":"2023-05-08T13:05:42+00:00","twitter_card":"summary_large_image","twitter_misc":{"Dur\u00e9e de lecture estim\u00e9e":"1 minute"},"schema":{"@context":"https:\/\/schema.org","@graph":[{"@type":"WebPage","@id":"https:\/\/aztrix.me\/fr\/prix\/","url":"https:\/\/aztrix.me\/fr\/prix\/","name":"Prix - Aztrix","isPartOf":{"@id":"https:\/\/aztrix.me\/#website"},"datePublished":"2023-04-03T13:25:14+00:00","dateModified":"2023-05-08T13:05:42+00:00","inLanguage":"fr-FR","potentialAction":[{"@type":"ReadAction","target":["https:\/\/aztrix.me\/fr\/prix\/"]}]},{"@type":"WebSite","@id":"https:\/\/aztrix.me\/#website","url":"https:\/\/aztrix.me\/","name":"Aztrix","description":"","publisher":{"@id":"https:\/\/aztrix.me\/#organization"},"potentialAction":[{"@type":"SearchAction","target":{"@type":"EntryPoint","urlTemplate":"https:\/\/aztrix.me\/?s={search_term_string}"},"query-input":{"@type":"PropertyValueSpecification","valueRequired":true,"valueName":"search_term_string"}}],"inLanguage":"fr-FR"},{"@type":"Organization","@id":"https:\/\/aztrix.me\/#organization","name":"Aztrix","url":"https:\/\/aztrix.me\/","logo":{"@type":"ImageObject","inLanguage":"fr-FR","@id":"https:\/\/aztrix.me\/#\/schema\/logo\/image\/","url":"https:\/\/aztrix.me\/wp-content\/uploads\/2023\/03\/Aztrix_logo.png","contentUrl":"https:\/\/aztrix.me\/wp-content\/uploads\/2023\/03\/Aztrix_logo.png","width":260,"height":121,"caption":"Aztrix"},"image":{"@id":"https:\/\/aztrix.me\/#\/schema\/logo\/image\/"}}]}},"_links":{"self":[{"href":"https:\/\/aztrix.me\/fr\/wp-json\/wp\/v2\/pages\/822","targetHints":{"allow":["GET"]}}],"collection":[{"href":"https:\/\/aztrix.me\/fr\/wp-json\/wp\/v2\/pages"}],"about":[{"href":"https:\/\/aztrix.me\/fr\/wp-json\/wp\/v2\/types\/page"}],"author":[{"embeddable":true,"href":"https:\/\/aztrix.me\/fr\/wp-json\/wp\/v2\/users\/1"}],"replies":[{"embeddable":true,"href":"https:\/\/aztrix.me\/fr\/wp-json\/wp\/v2\/comments?post=822"}],"version-history":[{"count":1,"href":"https:\/\/aztrix.me\/fr\/wp-json\/wp\/v2\/pages\/822\/revisions"}],"predecessor-version":[{"id":823,"href":"https:\/\/aztrix.me\/fr\/wp-json\/wp\/v2\/pages\/822\/revisions\/823"}],"wp:attachment":[{"href":"https:\/\/aztrix.me\/fr\/wp-json\/wp\/v2\/media?parent=822"}],"curies":[{"name":"wp","href":"https:\/\/api.w.org\/{rel}","templated":true}]}}